{"id":958,"date":"2024-04-30T15:45:34","date_gmt":"2024-04-30T20:45:34","guid":{"rendered":"https:\/\/yigolos.com\/?post_type=product&#038;p=958"},"modified":"2025-10-27T15:05:01","modified_gmt":"2025-10-27T20:05:01","slug":"lovense-edge-2","status":"publish","type":"product","link":"https:\/\/yigolos.com\/?product=lovense-edge-2","title":{"rendered":"Lovense Edge 2"},"content":{"rendered":"<p>CARGA<\/p>\n<p>Bater\u00eda recargable por medio de cable USB con\u00a0Pin Magn\u00e9tico (Adaptador de corriente no incluido)<\/p>\n<p>COMPATIBILIDAD<\/p>\n<p>Compatible con: \u2022 Diferentes plataformas Webcam (Lovense Extension) \u2022 App Lovense Remote disponible en iOS y Android \u2022 iPhone\/iPad Air\/iPad Mini\/iPod Touch iOS 11.0 y superior \u2022 Android 5.0 y superior (con Bluetooth 4.0 activado) \u2022 Mac (con Bluetooth 4.0 activado) \u2022 PC Windows (necesita el Adaptador Bluetooth USB Lovense)<\/p>\n<p>CONTENIDO<\/p>\n<p>Masajeador de Pr\u00f3stata Lovense Edge + Cable de carg USB + Manual de usuario + Bolsa de almacenamiento. NO incluye adaptador USB Lovense<\/p>\n<p>GARANT\u00cdA<\/p>\n<p>1 a\u00f1o<\/p>\n<p>G\u00c9NERO<\/p>\n<p>Masculino<\/p>\n<p>INTERACTIVO O CON APP<\/p>\n<p>S\u00ed<\/p>\n<p>LIMPIEZA<\/p>\n<p>Antes de usar el juguete por primera vez, y despu\u00e9s de cada uso, este debe ser limpiado para reducir el riesgo de infecciones, mantener la higiene adecuada y evitar el deterioro r\u00e1pido del juguete.Recomendamos un producto especial para limpieza \u00f3ptima como los Limpiadores para Juguetes Elixir.<\/p>\n<p>MARCA<\/p>\n<p>Lovense<\/p>\n<p>MATERIAL<\/p>\n<p>Silicona grado m\u00e9dico<\/p>\n<p>MEDIDAS<\/p>\n<p>\u2022 Longitud: 12, 4 cm \u2022 Longitud insertable: 9, 1 cm \u2022 Di\u00e1metro cabeza: 3, 5 cm<\/p>\n<p>PESO<\/p>\n<p>151, 3 g<\/p>\n<p>PRESENTACI\u00d3N<\/p>\n<p>\u2022 2 potentes motores de vibraci\u00f3n.\u2022 Control remoto por App, tambi\u00e9n funciona de forma manual.\u2022 PARA SOLICITAR GARANT\u00cdA DEL LOVENSE EDGE 2, es importante tener presente que se debe conservar la caja con el c\u00f3digo serial visible para que esta tenga validez.<\/p>\n<p>RECOMENDACIONES DE USO<\/p>\n<p>Apaga el juguete antes de ponerlo a cargar. El cable puede ser conectado a cualquier puerto USB o adaptador de corriente USB\/AC para empezar a cargarlo. Tardar\u00e1 aproximadamente 100 minutos en estar completamente cargado. La luz indicadora permanecer\u00e1 encendida durante el periodo de carga. Una vez que termine de cargar, la luz roja se apagar\u00e1. Si no est\u00e1 seguro que est\u00e1 completamente cargado, puede mirar el indicador de bater\u00eda en la aplicaci\u00f3n en su smartphone. NO USAR el juguete mientras se est\u00e1 cargando. Para una experiencia m\u00e1s placentera, es ideal que el uso de este juguete sea con lubricantes a base de agua.\u00a0Recomendamos el\u00a0Gel Lubricante \u00cdntimo Natural Elixir. No se deben usar lubricantes de silicona, con juguetes de silicona. Podr\u00edan sufrir da\u00f1os irreversibles.<\/p>\n<p>RESISTENTE AL AGUA<\/p>\n<p>Ipx7: Resistente al agua. Protege hasta 1 metro de profundidad por no m\u00e1s de 30 minutos<\/p>\n<p>TIEMPO DE CARGA<\/p>\n<p>2 horas<\/p>\n<p>TIEMPO DE USO CONTINUO<\/p>\n<p>1 \u2013 1.7 horas<\/p>\n","protected":false},"excerpt":{"rendered":"<h1 class=\"product_title entry-title\">Lovense<\/h1>\n","protected":false},"featured_media":959,"comment_status":"open","ping_status":"closed","template":"","meta":{"site-sidebar-layout":"default","site-content-layout":"","ast-site-content-layout":"default","site-content-style":"default","site-sidebar-style":"default","ast-global-header-display":"","ast-banner-title-visibility":"","ast-main-header-display":"","ast-hfb-above-header-display":"","ast-hfb-below-header-display":"","ast-hfb-mobile-header-display":"","site-post-title":"","ast-breadcrumbs-content":"","ast-featured-img":"","footer-sml-layout":"","ast-disable-related-posts":"","theme-transparent-header-meta":"default","adv-header-id-meta":"","stick-header-meta":"","header-above-stick-meta":"","header-main-stick-meta":"","header-below-stick-meta":"","astra-migrate-meta-layouts":"set","ast-page-background-enabled":"default","ast-page-background-meta":{"desktop":{"background-color":"var(--ast-global-color-4)","background-image":"","background-repeat":"repeat","background-position":"center center","background-size":"auto","background-attachment":"scroll","background-type":"","background-media":"","overlay-type":"","overlay-color":"","overlay-opacity":"","overlay-gradient":""},"tablet":{"background-color":"","background-image":"","background-repeat":"repeat","background-position":"center center","background-size":"auto","background-attachment":"scroll","background-type":"","background-media":"","overlay-type":"","overlay-color":"","overlay-opacity":"","overlay-gradient":""},"mobile":{"background-color":"","background-image":"","background-repeat":"repeat","background-position":"center center","background-size":"auto","background-attachment":"scroll","background-type":"","background-media":"","overlay-type":"","overlay-color":"","overlay-opacity":"","overlay-gradient":""}},"ast-content-background-meta":{"desktop":{"background-color":"var(--ast-global-color-5)","background-image":"","background-repeat":"repeat","background-position":"center center","background-size":"auto","background-attachment":"scroll","background-type":"","background-media":"","overlay-type":"","overlay-color":"","overlay-opacity":"","overlay-gradient":""},"tablet":{"background-color":"var(--ast-global-color-5)","background-image":"","background-repeat":"repeat","background-position":"center center","background-size":"auto","background-attachment":"scroll","background-type":"","background-media":"","overlay-type":"","overlay-color":"","overlay-opacity":"","overlay-gradient":""},"mobile":{"background-color":"var(--ast-global-color-5)","background-image":"","background-repeat":"repeat","background-position":"center center","background-size":"auto","background-attachment":"scroll","background-type":"","background-media":"","overlay-type":"","overlay-color":"","overlay-opacity":"","overlay-gradient":""}}},"product_brand":[],"product_cat":[24,25],"product_tag":[34],"class_list":{"0":"post-958","1":"product","2":"type-product","3":"status-publish","4":"has-post-thumbnail","6":"product_cat-dildos_y_vibradores","7":"product_cat-juguetes_eroticos","8":"product_tag-hombre","9":"desktop-align-left","10":"tablet-align-left","11":"mobile-align-left","13":"first","14":"instock","15":"shipping-taxable","16":"product-type-external"},"_links":{"self":[{"href":"https:\/\/yigolos.com\/index.php?rest_route=\/wp\/v2\/product\/958","targetHints":{"allow":["GET"]}}],"collection":[{"href":"https:\/\/yigolos.com\/index.php?rest_route=\/wp\/v2\/product"}],"about":[{"href":"https:\/\/yigolos.com\/index.php?rest_route=\/wp\/v2\/types\/product"}],"replies":[{"embeddable":true,"href":"https:\/\/yigolos.com\/index.php?rest_route=%2Fwp%2Fv2%2Fcomments&post=958"}],"wp:featuredmedia":[{"embeddable":true,"href":"https:\/\/yigolos.com\/index.php?rest_route=\/wp\/v2\/media\/959"}],"wp:attachment":[{"href":"https:\/\/yigolos.com\/index.php?rest_route=%2Fwp%2Fv2%2Fmedia&parent=958"}],"wp:term":[{"taxonomy":"product_brand","embeddable":true,"href":"https:\/\/yigolos.com\/index.php?rest_route=%2Fwp%2Fv2%2Fproduct_brand&post=958"},{"taxonomy":"product_cat","embeddable":true,"href":"https:\/\/yigolos.com\/index.php?rest_route=%2Fwp%2Fv2%2Fproduct_cat&post=958"},{"taxonomy":"product_tag","embeddable":true,"href":"https:\/\/yigolos.com\/index.php?rest_route=%2Fwp%2Fv2%2Fproduct_tag&post=958"}],"curies":[{"name":"wp","href":"https:\/\/api.w.org\/{rel}","templated":true}]}}