{"id":836,"date":"2024-04-26T21:13:15","date_gmt":"2024-04-26T21:13:15","guid":{"rendered":"https:\/\/yigolos.com\/?post_type=product&#038;p=836"},"modified":"2025-10-27T15:07:26","modified_gmt":"2025-10-27T20:07:26","slug":"bolas-kegel-hula-beads-lelo","status":"publish","type":"product","link":"https:\/\/yigolos.com\/?product=bolas-kegel-hula-beads-lelo","title":{"rendered":"Bolas Kegel Hula Beads Lelo"},"content":{"rendered":"<table class=\"woocommerce-product-attributes shop_attributes\">\n<tbody>\n<tr class=\"woocommerce-product-attributes-item woocommerce-product-attributes-item--attribute_carga\">\n<th class=\"woocommerce-product-attributes-item__label\">CARGA<\/th>\n<td class=\"woocommerce-product-attributes-item__value\">2 horas<\/td>\n<\/tr>\n<tr class=\"woocommerce-product-attributes-item woocommerce-product-attributes-item--attribute_contenido\">\n<th class=\"woocommerce-product-attributes-item__label\">CONTENIDO<\/th>\n<td class=\"woocommerce-product-attributes-item__value\">Incluye Control remoto + 2 pilas AAA para el control + Cargador + Empaque + Manual de usuario<\/td>\n<\/tr>\n<tr class=\"woocommerce-product-attributes-item woocommerce-product-attributes-item--attribute_garant%c3%ada\">\n<th class=\"woocommerce-product-attributes-item__label\">GARANT\u00cdA<\/th>\n<td class=\"woocommerce-product-attributes-item__value\">1 a\u00f1o<\/td>\n<\/tr>\n<tr class=\"woocommerce-product-attributes-item woocommerce-product-attributes-item--attribute_g%c3%a9nero\">\n<th class=\"woocommerce-product-attributes-item__label\">G\u00c9NERO<\/th>\n<td class=\"woocommerce-product-attributes-item__value\">Femenino<\/td>\n<\/tr>\n<tr class=\"woocommerce-product-attributes-item woocommerce-product-attributes-item--attribute_interactivo-o-con-app\">\n<th class=\"woocommerce-product-attributes-item__label\">INTERACTIVO O CON APP<\/th>\n<td class=\"woocommerce-product-attributes-item__value\">No<\/td>\n<\/tr>\n<tr class=\"woocommerce-product-attributes-item woocommerce-product-attributes-item--attribute_limpieza\">\n<th class=\"woocommerce-product-attributes-item__label\">LIMPIEZA<\/th>\n<td class=\"woocommerce-product-attributes-item__value\">Antes de usar el juguete por primera vez, y despu\u00e9s de cada uso, este debe ser limpiado para reducir el riesgo de infecciones, mantener la higiene adecuada y evitar el deterioro r\u00e1pido del juguete.Recomendamos un producto especial para limpieza \u00f3ptima como los Limpiadores para Juguetes Elixir.<\/td>\n<\/tr>\n<tr class=\"woocommerce-product-attributes-item woocommerce-product-attributes-item--attribute_marca\">\n<th class=\"woocommerce-product-attributes-item__label\">MARCA<\/th>\n<td class=\"woocommerce-product-attributes-item__value\">Lelo<\/td>\n<\/tr>\n<tr class=\"woocommerce-product-attributes-item woocommerce-product-attributes-item--attribute_material\">\n<th class=\"woocommerce-product-attributes-item__label\">MATERIAL<\/th>\n<td class=\"woocommerce-product-attributes-item__value\">Silicona de grado m\u00e9dico + PC-ABS<\/td>\n<\/tr>\n<tr class=\"woocommerce-product-attributes-item woocommerce-product-attributes-item--attribute_medidas\">\n<th class=\"woocommerce-product-attributes-item__label\">MEDIDAS<\/th>\n<td class=\"woocommerce-product-attributes-item__value\">\u2022 Longitud total: 9, 1 cm \u2022 Medidas de las bolas Kegel: 3, 81 cm x 3, 81 cm<\/td>\n<\/tr>\n<tr class=\"woocommerce-product-attributes-item woocommerce-product-attributes-item--attribute_peso\">\n<th class=\"woocommerce-product-attributes-item__label\">PESO<\/th>\n<td class=\"woocommerce-product-attributes-item__value\">67 g<\/td>\n<\/tr>\n<tr class=\"woocommerce-product-attributes-item woocommerce-product-attributes-item--attribute_presentaci%c3%b3n\">\n<th class=\"woocommerce-product-attributes-item__label\">PRESENTACI\u00d3N<\/th>\n<td class=\"woocommerce-product-attributes-item__value\">\u2022 8 modos de vibraci\u00f3n + rotaciones incorporadas \u2022 Set de 2 esferas unidas \u2022 Funcionan con tecnolog\u00eda Sense Motion: mando responde a los movimientos<\/td>\n<\/tr>\n<tr class=\"woocommerce-product-attributes-item woocommerce-product-attributes-item--attribute_recomendaciones-de-uso\">\n<th class=\"woocommerce-product-attributes-item__label\">RECOMENDACIONES DE USO<\/th>\n<td class=\"woocommerce-product-attributes-item__value\">Para una experiencia m\u00e1s placentera, es ideal que el uso de este juguete sea con lubricantes a base de agua. Recomendamos el Gel Lubricante \u00cdntimo Natural Elixir.No se deben usar lubricantes de silicona con juguetes de silicona. Podr\u00edan sufrir da\u00f1os irreversibles. Para iniciar, aplique suficiente cantidad de lubricante e introduzca la esfera superior realizando movimientos rotatorios en cl\u00edtoris, vulva y luego introducir completamente para lograr el ejercicio en paredes y una deliciosa estimulaci\u00f3n en punto G. Sin introduces \u00fanicamente la esfera superior, podr\u00e1s disfrutar de las vibraciones y movimientos rotatorios en cl\u00edtoris, vulva y labios. Si la introduces completamente, conseguir\u00e1s, adem\u00e1s, la estimulaci\u00f3n del punto G, pero se debe tener en cuenta que el cord\u00f3n debe quedar fuera de la vagina. Para usarlo con el control remoto deber\u00e1 pulsar el bot\u00f3n + de este y controlar las vibraciones con el movimiento de su mano o la de su compa\u00f1ero. Si varia la posici\u00f3n de este de vertical a horizontal recibir\u00e1 vibraciones intensas y potentes. Tenga presente que no debe exponerlo a temperaturas altas o a la luz directa del sol. Se invita a no usarlo si presenta infecci\u00f3n vaginal o en el tracto urinario, al tiempo de ser penetrado y durante la menstruaci\u00f3n mientras usa tampones.<\/td>\n<\/tr>\n<tr class=\"woocommerce-product-attributes-item woocommerce-product-attributes-item--attribute_resistente-al-agua\">\n<th class=\"woocommerce-product-attributes-item__label\">RESISTENTE AL AGUA<\/th>\n<td class=\"woocommerce-product-attributes-item__value\">Ipx7: Resistente al agua. Protege hasta 1 metro de profundidad por no m\u00e1s de 30 minutos<\/td>\n<\/tr>\n<tr class=\"woocommerce-product-attributes-item woocommerce-product-attributes-item--attribute_tiempo-de-carga\">\n<th class=\"woocommerce-product-attributes-item__label\">TIEMPO DE CARGA<\/th>\n<td class=\"woocommerce-product-attributes-item__value\">1.5 horas<\/td>\n<\/tr>\n<\/tbody>\n<\/table>\n","protected":false},"excerpt":{"rendered":"<h1 class=\"product_title entry-title\">Bolas Kegel Hula Beads Lelo<\/h1>\n","protected":false},"featured_media":837,"comment_status":"open","ping_status":"closed","template":"","meta":{"site-sidebar-layout":"default","site-content-layout":"","ast-site-content-layout":"default","site-content-style":"default","site-sidebar-style":"default","ast-global-header-display":"","ast-banner-title-visibility":"","ast-main-header-display":"","ast-hfb-above-header-display":"","ast-hfb-below-header-display":"","ast-hfb-mobile-header-display":"","site-post-title":"","ast-breadcrumbs-content":"","ast-featured-img":"","footer-sml-layout":"","ast-disable-related-posts":"","theme-transparent-header-meta":"default","adv-header-id-meta":"","stick-header-meta":"","header-above-stick-meta":"","header-main-stick-meta":"","header-below-stick-meta":"","astra-migrate-meta-layouts":"set","ast-page-background-enabled":"default","ast-page-background-meta":{"desktop":{"background-color":"var(--ast-global-color-4)","background-image":"","background-repeat":"repeat","background-position":"center center","background-size":"auto","background-attachment":"scroll","background-type":"","background-media":"","overlay-type":"","overlay-color":"","overlay-opacity":"","overlay-gradient":""},"tablet":{"background-color":"","background-image":"","background-repeat":"repeat","background-position":"center center","background-size":"auto","background-attachment":"scroll","background-type":"","background-media":"","overlay-type":"","overlay-color":"","overlay-opacity":"","overlay-gradient":""},"mobile":{"background-color":"","background-image":"","background-repeat":"repeat","background-position":"center center","background-size":"auto","background-attachment":"scroll","background-type":"","background-media":"","overlay-type":"","overlay-color":"","overlay-opacity":"","overlay-gradient":""}},"ast-content-background-meta":{"desktop":{"background-color":"var(--ast-global-color-5)","background-image":"","background-repeat":"repeat","background-position":"center center","background-size":"auto","background-attachment":"scroll","background-type":"","background-media":"","overlay-type":"","overlay-color":"","overlay-opacity":"","overlay-gradient":""},"tablet":{"background-color":"var(--ast-global-color-5)","background-image":"","background-repeat":"repeat","background-position":"center center","background-size":"auto","background-attachment":"scroll","background-type":"","background-media":"","overlay-type":"","overlay-color":"","overlay-opacity":"","overlay-gradient":""},"mobile":{"background-color":"var(--ast-global-color-5)","background-image":"","background-repeat":"repeat","background-position":"center center","background-size":"auto","background-attachment":"scroll","background-type":"","background-media":"","overlay-type":"","overlay-color":"","overlay-opacity":"","overlay-gradient":""}}},"product_brand":[],"product_cat":[24,25],"product_tag":[35],"class_list":{"0":"post-836","1":"product","2":"type-product","3":"status-publish","4":"has-post-thumbnail","6":"product_cat-dildos_y_vibradores","7":"product_cat-juguetes_eroticos","8":"product_tag-mujer","9":"desktop-align-left","10":"tablet-align-left","11":"mobile-align-left","13":"first","14":"instock","15":"shipping-taxable","16":"product-type-external"},"_links":{"self":[{"href":"https:\/\/yigolos.com\/index.php?rest_route=\/wp\/v2\/product\/836","targetHints":{"allow":["GET"]}}],"collection":[{"href":"https:\/\/yigolos.com\/index.php?rest_route=\/wp\/v2\/product"}],"about":[{"href":"https:\/\/yigolos.com\/index.php?rest_route=\/wp\/v2\/types\/product"}],"replies":[{"embeddable":true,"href":"https:\/\/yigolos.com\/index.php?rest_route=%2Fwp%2Fv2%2Fcomments&post=836"}],"wp:featuredmedia":[{"embeddable":true,"href":"https:\/\/yigolos.com\/index.php?rest_route=\/wp\/v2\/media\/837"}],"wp:attachment":[{"href":"https:\/\/yigolos.com\/index.php?rest_route=%2Fwp%2Fv2%2Fmedia&parent=836"}],"wp:term":[{"taxonomy":"product_brand","embeddable":true,"href":"https:\/\/yigolos.com\/index.php?rest_route=%2Fwp%2Fv2%2Fproduct_brand&post=836"},{"taxonomy":"product_cat","embeddable":true,"href":"https:\/\/yigolos.com\/index.php?rest_route=%2Fwp%2Fv2%2Fproduct_cat&post=836"},{"taxonomy":"product_tag","embeddable":true,"href":"https:\/\/yigolos.com\/index.php?rest_route=%2Fwp%2Fv2%2Fproduct_tag&post=836"}],"curies":[{"name":"wp","href":"https:\/\/api.w.org\/{rel}","templated":true}]}}