{"id":809,"date":"2024-04-26T20:49:42","date_gmt":"2024-04-26T20:49:42","guid":{"rendered":"https:\/\/yigolos.com\/?post_type=product&#038;p=809"},"modified":"2025-10-27T15:32:24","modified_gmt":"2025-10-27T20:32:24","slug":"lovense-hush-2","status":"publish","type":"product","link":"https:\/\/yigolos.com\/?product=lovense-hush-2","title":{"rendered":"Lovense Hush 2"},"content":{"rendered":"<table class=\"woocommerce-product-attributes shop_attributes\">\n<tbody>\n<tr class=\"woocommerce-product-attributes-item woocommerce-product-attributes-item--attribute_carga\">\n<th class=\"woocommerce-product-attributes-item__label\">CARGA<\/th>\n<td class=\"woocommerce-product-attributes-item__value\">Bater\u00eda recargable por medio de cable USB con\u00a0Pin Magn\u00e9tico (Adaptador de corriente no incluido)<\/td>\n<\/tr>\n<tr class=\"woocommerce-product-attributes-item woocommerce-product-attributes-item--attribute_compatibilidad\">\n<th class=\"woocommerce-product-attributes-item__label\">COMPATIBILIDAD<\/th>\n<td class=\"woocommerce-product-attributes-item__value\">Compatible con: \u2022 Diferentes plataformas Webcam (Lovense Extension) \u2022 App Lovense Remote disponible en iOS y Android \u2022 iPhone\/iPad Air\/iPad Mini\/iPod Touch iOS 11.0 y superior \u2022 Android 5.0 y superior (con Bluetooth 4.0 activado) \u2022 Mac (con Bluetooth 4.0 activado) \u2022 PC Windows (necesita el Adaptador Bluetooth USB Lovense)<\/td>\n<\/tr>\n<tr class=\"woocommerce-product-attributes-item woocommerce-product-attributes-item--attribute_contenido\">\n<th class=\"woocommerce-product-attributes-item__label\">CONTENIDO<\/th>\n<td class=\"woocommerce-product-attributes-item__value\">Incluye Plug Anal + Cable de carga USB + Manual de uso y configuraci\u00f3n + Bolsa de almacenamiento NO incluye adaptador USB Lovense.<\/td>\n<\/tr>\n<tr class=\"woocommerce-product-attributes-item woocommerce-product-attributes-item--attribute_garant%c3%ada\">\n<th class=\"woocommerce-product-attributes-item__label\">GARANT\u00cdA<\/th>\n<td class=\"woocommerce-product-attributes-item__value\">1 a\u00f1o<\/td>\n<\/tr>\n<tr class=\"woocommerce-product-attributes-item woocommerce-product-attributes-item--attribute_g%c3%a9nero\">\n<th class=\"woocommerce-product-attributes-item__label\">G\u00c9NERO<\/th>\n<td class=\"woocommerce-product-attributes-item__value\">Unisex<\/td>\n<\/tr>\n<tr class=\"woocommerce-product-attributes-item woocommerce-product-attributes-item--attribute_interactivo-o-con-app\">\n<th class=\"woocommerce-product-attributes-item__label\">INTERACTIVO O CON APP<\/th>\n<td class=\"woocommerce-product-attributes-item__value\">S\u00ed<\/td>\n<\/tr>\n<tr class=\"woocommerce-product-attributes-item woocommerce-product-attributes-item--attribute_limpieza\">\n<th class=\"woocommerce-product-attributes-item__label\">LIMPIEZA<\/th>\n<td class=\"woocommerce-product-attributes-item__value\">Antes de usar el juguete por primera vez, y despu\u00e9s de cada uso, este debe ser limpiado para reducir el riesgo de infecciones, mantener la higiene adecuada y evitar el deterioro r\u00e1pido del juguete.Recomendamos un producto especial para limpieza \u00f3ptima como los Limpiadores para Juguetes Elixir.<\/td>\n<\/tr>\n<tr class=\"woocommerce-product-attributes-item woocommerce-product-attributes-item--attribute_marca\">\n<th class=\"woocommerce-product-attributes-item__label\">MARCA<\/th>\n<td class=\"woocommerce-product-attributes-item__value\">Lovense<\/td>\n<\/tr>\n<tr class=\"woocommerce-product-attributes-item woocommerce-product-attributes-item--attribute_material\">\n<th class=\"woocommerce-product-attributes-item__label\">MATERIAL<\/th>\n<td class=\"woocommerce-product-attributes-item__value\">Silicona grado m\u00e9dico<\/td>\n<\/tr>\n<tr class=\"woocommerce-product-attributes-item woocommerce-product-attributes-item--attribute_medidas\">\n<th class=\"woocommerce-product-attributes-item__label\">MEDIDAS<\/th>\n<td class=\"woocommerce-product-attributes-item__value\">Tama\u00f1o XS \u2022 Tiempo de uso continuo: Hasta 2 horas \u2022 Tiempo de carga: 40 minutos \u2022 Di\u00e1metro en su punto m\u00e1s ancho: 2.5 cm \u2022 Di\u00e1metro en su punto m\u00e1s angosto: 1.2 cm \u2022 Longitud total: 12 cm \u2022 Longitud insertable: 9.8 cm \u2022 Di\u00e1metro base de extracci\u00f3n: 6, 7 cm Tama\u00f1o S \u2022 Tiempo de uso continuo: Hasta 4 horas \u2022 Tiempo de carga: 60 minutos \u2022 Di\u00e1metro en su punto m\u00e1s ancho: 3.8 cm \u2022 Di\u00e1metro en su punto m\u00e1s angosto: 1.7 cm \u2022 Longitud total: 12, 1 cm \u2022 Longitud insertable: 10 cm \u2022 Di\u00e1metro base de extracci\u00f3n: 6, 7 cm Tama\u00f1o M \u2022 Tiempo de uso continuo: Hasta 8 horas \u2022 Tiempo de carga: 90 minutos \u2022 Di\u00e1metro en su punto m\u00e1s ancho: 4.5 cm \u2022 Di\u00e1metro en su punto m\u00e1s angosto: 1.7 cm \u2022 Longitud total: 13, 5 cm \u2022 Longitud insertable: 11, 3 cm \u2022 Di\u00e1metro base de extracci\u00f3n: 6, 7 cm Tama\u00f1o L \u2022 Tiempo de uso continuo: Hasta 11 horas \u2022 Tiempo de carga: 155 minutos \u2022 Di\u00e1metro en su punto m\u00e1s ancho: 5.7 cm \u2022 Di\u00e1metro en su punto m\u00e1s angosto: 2.5 cm \u2022 Longitud total: 15 cm \u2022 Longitud insertable: 13, 1 cm \u2022 Di\u00e1metro base de extracci\u00f3n: 8, 1 cm<\/td>\n<\/tr>\n<tr class=\"woocommerce-product-attributes-item woocommerce-product-attributes-item--attribute_peso\">\n<th class=\"woocommerce-product-attributes-item__label\">PESO<\/th>\n<td class=\"woocommerce-product-attributes-item__value\">\u2022 Tama\u00f1o XS: 61.9 g \u2022 Tama\u00f1o S: 95.5 g \u2022 Tama\u00f1o M: 128.8 \u2022 Tama\u00f1o L: 239.5 g<\/td>\n<\/tr>\n<tr class=\"woocommerce-product-attributes-item woocommerce-product-attributes-item--attribute_recomendaciones-de-uso\">\n<th class=\"woocommerce-product-attributes-item__label\">RECOMENDACIONES DE USO<\/th>\n<td class=\"woocommerce-product-attributes-item__value\">Apaga el juguete antes de ponerlo a cargar. El cable puede ser conectado a cualquier puerto USB o adaptador de corriente USB\/AC para empezar a cargarlo. La luz indicadora permanecer\u00e1 encendida durante el periodo de carga. Una vez que termine de cargar, la luz roja se apagar\u00e1. Si no est\u00e1 seguro que est\u00e1 completamente cargado, puede mirar el indicador de bater\u00eda en la aplicaci\u00f3n en su smartphone. NO USAR el juguete mientras se est\u00e1 cargando. Para una experiencia m\u00e1s placentera, es ideal que el uso de este juguete sea con lubricantes a base de agua.\u00a0Recomendamos el\u00a0Gel Lubricante \u00cdntimo Natural Elixir. No se deben usar lubricantes de silicona, con juguetes de silicona. Podr\u00edan sufrir da\u00f1os irreversibles.<\/td>\n<\/tr>\n<tr class=\"woocommerce-product-attributes-item woocommerce-product-attributes-item--attribute_resistente-al-agua\">\n<th class=\"woocommerce-product-attributes-item__label\">RESISTENTE AL AGUA<\/th>\n<td class=\"woocommerce-product-attributes-item__value\">Ipx7: Resistente al agua. Protege hasta 1 metro de profundidad por no m\u00e1s de 30 minutos<\/td>\n<\/tr>\n<tr class=\"woocommerce-product-attributes-item woocommerce-product-attributes-item--attribute_pa_talla\">\n<th class=\"woocommerce-product-attributes-item__label\">TALLA<\/th>\n<td class=\"woocommerce-product-attributes-item__value\"><a href=\"https:\/\/distrisexcolombia.com\/talla\/l\/\" rel=\"tag\">L<\/a>,\u00a0<a href=\"https:\/\/distrisexcolombia.com\/talla\/m\/\" rel=\"tag\">M<\/a>,\u00a0<a href=\"https:\/\/distrisexcolombia.com\/talla\/s\/\" rel=\"tag\">S<\/a>,\u00a0<a href=\"https:\/\/distrisexcolombia.com\/talla\/xs\/\" rel=\"tag\">XS<\/a><\/td>\n<\/tr>\n<\/tbody>\n<\/table>\n","protected":false},"excerpt":{"rendered":"<h1 class=\"product_title entry-title\">Lovense Hush 2<\/h1>\n","protected":false},"featured_media":811,"comment_status":"open","ping_status":"closed","template":"","meta":{"site-sidebar-layout":"default","site-content-layout":"","ast-site-content-layout":"default","site-content-style":"default","site-sidebar-style":"default","ast-global-header-display":"","ast-banner-title-visibility":"","ast-main-header-display":"","ast-hfb-above-header-display":"","ast-hfb-below-header-display":"","ast-hfb-mobile-header-display":"","site-post-title":"","ast-breadcrumbs-content":"","ast-featured-img":"","footer-sml-layout":"","ast-disable-related-posts":"","theme-transparent-header-meta":"default","adv-header-id-meta":"","stick-header-meta":"","header-above-stick-meta":"","header-main-stick-meta":"","header-below-stick-meta":"","astra-migrate-meta-layouts":"set","ast-page-background-enabled":"default","ast-page-background-meta":{"desktop":{"background-color":"var(--ast-global-color-4)","background-image":"","background-repeat":"repeat","background-position":"center center","background-size":"auto","background-attachment":"scroll","background-type":"","background-media":"","overlay-type":"","overlay-color":"","overlay-opacity":"","overlay-gradient":""},"tablet":{"background-color":"","background-image":"","background-repeat":"repeat","background-position":"center center","background-size":"auto","background-attachment":"scroll","background-type":"","background-media":"","overlay-type":"","overlay-color":"","overlay-opacity":"","overlay-gradient":""},"mobile":{"background-color":"","background-image":"","background-repeat":"repeat","background-position":"center center","background-size":"auto","background-attachment":"scroll","background-type":"","background-media":"","overlay-type":"","overlay-color":"","overlay-opacity":"","overlay-gradient":""}},"ast-content-background-meta":{"desktop":{"background-color":"var(--ast-global-color-5)","background-image":"","background-repeat":"repeat","background-position":"center center","background-size":"auto","background-attachment":"scroll","background-type":"","background-media":"","overlay-type":"","overlay-color":"","overlay-opacity":"","overlay-gradient":""},"tablet":{"background-color":"var(--ast-global-color-5)","background-image":"","background-repeat":"repeat","background-position":"center center","background-size":"auto","background-attachment":"scroll","background-type":"","background-media":"","overlay-type":"","overlay-color":"","overlay-opacity":"","overlay-gradient":""},"mobile":{"background-color":"var(--ast-global-color-5)","background-image":"","background-repeat":"repeat","background-position":"center center","background-size":"auto","background-attachment":"scroll","background-type":"","background-media":"","overlay-type":"","overlay-color":"","overlay-opacity":"","overlay-gradient":""}}},"product_brand":[],"product_cat":[24,25],"product_tag":[37],"class_list":{"0":"post-809","1":"product","2":"type-product","3":"status-publish","4":"has-post-thumbnail","6":"product_cat-dildos_y_vibradores","7":"product_cat-juguetes_eroticos","8":"product_tag-unisex","9":"desktop-align-left","10":"tablet-align-left","11":"mobile-align-left","13":"first","14":"instock","15":"shipping-taxable","16":"product-type-external"},"_links":{"self":[{"href":"https:\/\/yigolos.com\/index.php?rest_route=\/wp\/v2\/product\/809","targetHints":{"allow":["GET"]}}],"collection":[{"href":"https:\/\/yigolos.com\/index.php?rest_route=\/wp\/v2\/product"}],"about":[{"href":"https:\/\/yigolos.com\/index.php?rest_route=\/wp\/v2\/types\/product"}],"replies":[{"embeddable":true,"href":"https:\/\/yigolos.com\/index.php?rest_route=%2Fwp%2Fv2%2Fcomments&post=809"}],"wp:featuredmedia":[{"embeddable":true,"href":"https:\/\/yigolos.com\/index.php?rest_route=\/wp\/v2\/media\/811"}],"wp:attachment":[{"href":"https:\/\/yigolos.com\/index.php?rest_route=%2Fwp%2Fv2%2Fmedia&parent=809"}],"wp:term":[{"taxonomy":"product_brand","embeddable":true,"href":"https:\/\/yigolos.com\/index.php?rest_route=%2Fwp%2Fv2%2Fproduct_brand&post=809"},{"taxonomy":"product_cat","embeddable":true,"href":"https:\/\/yigolos.com\/index.php?rest_route=%2Fwp%2Fv2%2Fproduct_cat&post=809"},{"taxonomy":"product_tag","embeddable":true,"href":"https:\/\/yigolos.com\/index.php?rest_route=%2Fwp%2Fv2%2Fproduct_tag&post=809"}],"curies":[{"name":"wp","href":"https:\/\/api.w.org\/{rel}","templated":true}]}}