{"id":805,"date":"2024-04-26T20:34:09","date_gmt":"2024-04-26T20:34:09","guid":{"rendered":"https:\/\/yigolos.com\/?post_type=product&#038;p=805"},"modified":"2025-10-27T15:32:29","modified_gmt":"2025-10-27T20:32:29","slug":"sex-machine-lovense","status":"publish","type":"product","link":"https:\/\/yigolos.com\/?product=sex-machine-lovense","title":{"rendered":"Sex Machine Lovense"},"content":{"rendered":"<table class=\"woocommerce-product-attributes shop_attributes\">\n<tbody>\n<tr class=\"woocommerce-product-attributes-item woocommerce-product-attributes-item--attribute_compatibilidad\">\n<th class=\"woocommerce-product-attributes-item__label\">COMPATIBILIDAD<\/th>\n<td class=\"woocommerce-product-attributes-item__value\">Compatible con: \u2022 Diferentes plataformas Webcam (Lovense Extension) \u2022 App Lovense Remote disponible en iOS y Android \u2022 iPhone\/iPad Air\/iPad Mini\/iPod Touch iOS 11.0 y superior \u2022 Android 5.0 y superior (con Bluetooth 4.0 activado) \u2022 Mac (con Bluetooth 4.0 activado) \u2022 PC Windows (necesita el Adaptador Bluetooth USB Lovense) \u2022 Compatible con todos los dildos \/ accesorios Vac-U-Lock<\/td>\n<\/tr>\n<tr class=\"woocommerce-product-attributes-item woocommerce-product-attributes-item--attribute_contenido\">\n<th class=\"woocommerce-product-attributes-item__label\">CONTENIDO<\/th>\n<td class=\"woocommerce-product-attributes-item__value\">Incluye Sex Machine, 2 dildos de silicona, bolsa de almacenamiento, manual del usuario, instrucciones de montaje, caja de control, luz indicadora, fuente de alimentaci\u00f3n y bot\u00f3n de encendido apagado dentro del producto. NO incluye adaptador USB Lovense.<\/td>\n<\/tr>\n<tr class=\"woocommerce-product-attributes-item woocommerce-product-attributes-item--attribute_garant%c3%ada\">\n<th class=\"woocommerce-product-attributes-item__label\">GARANT\u00cdA<\/th>\n<td class=\"woocommerce-product-attributes-item__value\">1 a\u00f1o<\/p>\n<p>\u2013 Si la Sex Machine de Lovense tiene los sellos de seguridad rotos, no cubre garant\u00eda.<br \/>\n\u2013 Si las partes de la Sex Machine de Lovense se encuentran oxidadas, no aplica por garant\u00eda ya que indica que tuvo contacto con alg\u00fan l\u00edquido.<br \/>\n\u2013 En el caso de garant\u00eda relacionada con el control de la Machine, es importante tener en cuenta que el plazo m\u00e1ximo es de hasta 15 d\u00edas h\u00e1biles.<br \/>\n\u2013 Dentro de la caja del cuerpo de la machine vienen dos tuercas, esas tuercas se pueden ajustar pero no se les debe dar la vuelta completa. Si la tuerca cae dentro de la machine, no cubre la garant\u00eda.<br \/>\n\u2013 Conservar el n\u00famero de serial de la machine que viene dentro de la caja y el control para solicitar garant\u00eda en caso de ser necesario.<\/td>\n<\/tr>\n<tr class=\"woocommerce-product-attributes-item woocommerce-product-attributes-item--attribute_g%c3%a9nero\">\n<th class=\"woocommerce-product-attributes-item__label\">G\u00c9NERO<\/th>\n<td class=\"woocommerce-product-attributes-item__value\">Femenino<\/td>\n<\/tr>\n<tr class=\"woocommerce-product-attributes-item woocommerce-product-attributes-item--attribute_interactivo-o-con-app\">\n<th class=\"woocommerce-product-attributes-item__label\">INTERACTIVO O CON APP<\/th>\n<td class=\"woocommerce-product-attributes-item__value\">S\u00ed<\/td>\n<\/tr>\n<tr class=\"woocommerce-product-attributes-item woocommerce-product-attributes-item--attribute_limpieza\">\n<th class=\"woocommerce-product-attributes-item__label\">LIMPIEZA<\/th>\n<td class=\"woocommerce-product-attributes-item__value\">Antes de usar el juguete por primera vez, y despu\u00e9s de cada uso, este debe ser limpiado para reducir el riesgo de infecciones, mantener la higiene adecuada y evitar el deterioro r\u00e1pido del juguete.Recomendamos un producto especial para limpieza \u00f3ptima como los Limpiadores para Juguetes Elixir.<\/td>\n<\/tr>\n<tr class=\"woocommerce-product-attributes-item woocommerce-product-attributes-item--attribute_marca\">\n<th class=\"woocommerce-product-attributes-item__label\">MARCA<\/th>\n<td class=\"woocommerce-product-attributes-item__value\">Lovense<\/td>\n<\/tr>\n<tr class=\"woocommerce-product-attributes-item woocommerce-product-attributes-item--attribute_material\">\n<th class=\"woocommerce-product-attributes-item__label\">MATERIAL<\/th>\n<td class=\"woocommerce-product-attributes-item__value\">Silicona grado m\u00e9dico + Metal + Pl\u00e1stico ABS<\/td>\n<\/tr>\n<tr class=\"woocommerce-product-attributes-item woocommerce-product-attributes-item--attribute_medidas\">\n<th class=\"woocommerce-product-attributes-item__label\">MEDIDAS<\/th>\n<td class=\"woocommerce-product-attributes-item__value\">\u2022 Longitud total: 15, 9 cm \u2022 Largo total: 45.2 cm \u2022 Ancho total: 45 cm \u2022 Largo del dildo talla S: 13.8 cm \u2022 Largo del dildo talla L: 16 cm \u2022 Longitud de impulso ajustable hasta 11.4 cm<\/td>\n<\/tr>\n<tr class=\"woocommerce-product-attributes-item woocommerce-product-attributes-item--attribute_peso\">\n<th class=\"woocommerce-product-attributes-item__label\">PESO<\/th>\n<td class=\"woocommerce-product-attributes-item__value\">12, 5 Kg<\/td>\n<\/tr>\n<tr class=\"woocommerce-product-attributes-item woocommerce-product-attributes-item--attribute_presentaci%c3%b3n\">\n<th class=\"woocommerce-product-attributes-item__label\">PRESENTACI\u00d3N<\/th>\n<td class=\"woocommerce-product-attributes-item__value\">\u2022 Control remoto por App, tambi\u00e9n funciona de forma manual.\u2022 Motor con velocidad de 300 impulsos por minuto \u2022 Motor: 24 V, 5 A\u2022 Compatible con todos los dildos \/ accesorios Vac-U-Lock \u2022 PARA SOLICITAR GARANT\u00cdA DE LOVENSE SEX MACHINE, es importante tener presente que se debe conservar la caja con el c\u00f3digo serial visible para que esta tenga validez.<\/td>\n<\/tr>\n<tr class=\"woocommerce-product-attributes-item woocommerce-product-attributes-item--attribute_recomendaciones-de-uso\">\n<th class=\"woocommerce-product-attributes-item__label\">RECOMENDACIONES DE USO<\/th>\n<td class=\"woocommerce-product-attributes-item__value\">Usa tu\u00a0sex machine\u00a0por media hora y d\u00e9jala descansar antes de retomar nuevamente.Para una experiencia m\u00e1s placentera, es ideal que el uso del dildo sea con lubricantes a base de agua. Recomendamos el Gel Lubricante \u00cdntimo Natural Elixir.No se deben usar lubricantes de silicona con juguetes de silicona. Podr\u00edan sufrir da\u00f1os irreversibles. Se invita a engrasar los rieles deslizantes y los orificios de la varilla cada 2 a 3 meses con grasa mec\u00e1nica, para mayor informaci\u00f3n revise el manual de uso.<\/td>\n<\/tr>\n<tr class=\"woocommerce-product-attributes-item woocommerce-product-attributes-item--attribute_resistente-al-agua\">\n<th class=\"woocommerce-product-attributes-item__label\">RESISTENTE AL AGUA<\/th>\n<td class=\"woocommerce-product-attributes-item__value\">No<\/td>\n<\/tr>\n<\/tbody>\n<\/table>\n","protected":false},"excerpt":{"rendered":"<h1 class=\"product_title entry-title\">Sex<\/h1>\n","protected":false},"featured_media":806,"comment_status":"open","ping_status":"closed","template":"","meta":{"site-sidebar-layout":"default","site-content-layout":"","ast-site-content-layout":"default","site-content-style":"default","site-sidebar-style":"default","ast-global-header-display":"","ast-banner-title-visibility":"","ast-main-header-display":"","ast-hfb-above-header-display":"","ast-hfb-below-header-display":"","ast-hfb-mobile-header-display":"","site-post-title":"","ast-breadcrumbs-content":"","ast-featured-img":"","footer-sml-layout":"","ast-disable-related-posts":"","theme-transparent-header-meta":"default","adv-header-id-meta":"","stick-header-meta":"","header-above-stick-meta":"","header-main-stick-meta":"","header-below-stick-meta":"","astra-migrate-meta-layouts":"set","ast-page-background-enabled":"default","ast-page-background-meta":{"desktop":{"background-color":"var(--ast-global-color-4)","background-image":"","background-repeat":"repeat","background-position":"center center","background-size":"auto","background-attachment":"scroll","background-type":"","background-media":"","overlay-type":"","overlay-color":"","overlay-opacity":"","overlay-gradient":""},"tablet":{"background-color":"","background-image":"","background-repeat":"repeat","background-position":"center center","background-size":"auto","background-attachment":"scroll","background-type":"","background-media":"","overlay-type":"","overlay-color":"","overlay-opacity":"","overlay-gradient":""},"mobile":{"background-color":"","background-image":"","background-repeat":"repeat","background-position":"center center","background-size":"auto","background-attachment":"scroll","background-type":"","background-media":"","overlay-type":"","overlay-color":"","overlay-opacity":"","overlay-gradient":""}},"ast-content-background-meta":{"desktop":{"background-color":"var(--ast-global-color-5)","background-image":"","background-repeat":"repeat","background-position":"center center","background-size":"auto","background-attachment":"scroll","background-type":"","background-media":"","overlay-type":"","overlay-color":"","overlay-opacity":"","overlay-gradient":""},"tablet":{"background-color":"var(--ast-global-color-5)","background-image":"","background-repeat":"repeat","background-position":"center center","background-size":"auto","background-attachment":"scroll","background-type":"","background-media":"","overlay-type":"","overlay-color":"","overlay-opacity":"","overlay-gradient":""},"mobile":{"background-color":"var(--ast-global-color-5)","background-image":"","background-repeat":"repeat","background-position":"center center","background-size":"auto","background-attachment":"scroll","background-type":"","background-media":"","overlay-type":"","overlay-color":"","overlay-opacity":"","overlay-gradient":""}}},"product_brand":[],"product_cat":[25],"product_tag":[35],"class_list":{"0":"post-805","1":"product","2":"type-product","3":"status-publish","4":"has-post-thumbnail","6":"product_cat-juguetes_eroticos","7":"product_tag-mujer","8":"desktop-align-left","9":"tablet-align-left","10":"mobile-align-left","12":"first","13":"instock","14":"shipping-taxable","15":"product-type-external"},"_links":{"self":[{"href":"https:\/\/yigolos.com\/index.php?rest_route=\/wp\/v2\/product\/805","targetHints":{"allow":["GET"]}}],"collection":[{"href":"https:\/\/yigolos.com\/index.php?rest_route=\/wp\/v2\/product"}],"about":[{"href":"https:\/\/yigolos.com\/index.php?rest_route=\/wp\/v2\/types\/product"}],"replies":[{"embeddable":true,"href":"https:\/\/yigolos.com\/index.php?rest_route=%2Fwp%2Fv2%2Fcomments&post=805"}],"wp:featuredmedia":[{"embeddable":true,"href":"https:\/\/yigolos.com\/index.php?rest_route=\/wp\/v2\/media\/806"}],"wp:attachment":[{"href":"https:\/\/yigolos.com\/index.php?rest_route=%2Fwp%2Fv2%2Fmedia&parent=805"}],"wp:term":[{"taxonomy":"product_brand","embeddable":true,"href":"https:\/\/yigolos.com\/index.php?rest_route=%2Fwp%2Fv2%2Fproduct_brand&post=805"},{"taxonomy":"product_cat","embeddable":true,"href":"https:\/\/yigolos.com\/index.php?rest_route=%2Fwp%2Fv2%2Fproduct_cat&post=805"},{"taxonomy":"product_tag","embeddable":true,"href":"https:\/\/yigolos.com\/index.php?rest_route=%2Fwp%2Fv2%2Fproduct_tag&post=805"}],"curies":[{"name":"wp","href":"https:\/\/api.w.org\/{rel}","templated":true}]}}