{"id":400,"date":"2024-04-24T19:13:20","date_gmt":"2024-04-24T19:13:20","guid":{"rendered":"https:\/\/yigolos.com\/?post_type=product&#038;p=400"},"modified":"2025-10-28T09:38:31","modified_gmt":"2025-10-28T14:38:31","slug":"lubricante-intimo-estrechante-virgin-feel","status":"publish","type":"product","link":"https:\/\/yigolos.com\/?product=lubricante-intimo-estrechante-virgin-feel","title":{"rendered":"Lubricante \u00cdntimo Estrechante Virgin Feel"},"content":{"rendered":"<table class=\"woocommerce-product-attributes shop_attributes\">\n<tbody>\n<tr class=\"woocommerce-product-attributes-item woocommerce-product-attributes-item--attribute_presentaci%c3%b3n\">\n<th class=\"woocommerce-product-attributes-item__label\">PRESENTACI\u00d3N<\/th>\n<td class=\"woocommerce-product-attributes-item__value\">Efecto estrechante vaginal<\/td>\n<\/tr>\n<tr class=\"woocommerce-product-attributes-item woocommerce-product-attributes-item--attribute_garant%c3%ada\">\n<th class=\"woocommerce-product-attributes-item__label\">GARANT\u00cdA<\/th>\n<td class=\"woocommerce-product-attributes-item__value\">3 d\u00edas<\/td>\n<\/tr>\n<tr class=\"woocommerce-product-attributes-item woocommerce-product-attributes-item--attribute_g%c3%a9nero\">\n<th class=\"woocommerce-product-attributes-item__label\">G\u00c9NERO<\/th>\n<td class=\"woocommerce-product-attributes-item__value\">Femenino<\/td>\n<\/tr>\n<tr class=\"woocommerce-product-attributes-item woocommerce-product-attributes-item--attribute_modo-de-uso\">\n<th class=\"woocommerce-product-attributes-item__label\">MODO DE USO<\/th>\n<td class=\"woocommerce-product-attributes-item__value\">Aplicar en las paredes y labios vaginales de 1 a 15 minutos y masajear en forma circular antes de la relaci\u00f3n sexual.<\/td>\n<\/tr>\n<tr class=\"woocommerce-product-attributes-item woocommerce-product-attributes-item--attribute_textura\">\n<th class=\"woocommerce-product-attributes-item__label\">TEXTURA<\/th>\n<td class=\"woocommerce-product-attributes-item__value\">Gel<\/td>\n<\/tr>\n<tr class=\"woocommerce-product-attributes-item woocommerce-product-attributes-item--attribute_beneficios\">\n<th class=\"woocommerce-product-attributes-item__label\">BENEFICIOS<\/th>\n<td class=\"woocommerce-product-attributes-item__value\">Act\u00faa sobre los m\u00fasculos vaginales, permitiendo que se contraigan y dejando una sensaci\u00f3n de estrechez, mientras aumenta la sensibilidad de la vagina.<\/td>\n<\/tr>\n<tr class=\"woocommerce-product-attributes-item woocommerce-product-attributes-item--attribute_marca\">\n<th class=\"woocommerce-product-attributes-item__label\">MARCA<\/th>\n<td class=\"woocommerce-product-attributes-item__value\">Satisfyer<\/td>\n<\/tr>\n<\/tbody>\n<\/table>\n","protected":false},"excerpt":{"rendered":"<p>Lubricante<\/p>\n","protected":false},"featured_media":401,"comment_status":"open","ping_status":"closed","template":"","meta":{"site-sidebar-layout":"default","site-content-layout":"","ast-site-content-layout":"default","site-content-style":"default","site-sidebar-style":"default","ast-global-header-display":"","ast-banner-title-visibility":"","ast-main-header-display":"","ast-hfb-above-header-display":"","ast-hfb-below-header-display":"","ast-hfb-mobile-header-display":"","site-post-title":"","ast-breadcrumbs-content":"","ast-featured-img":"","footer-sml-layout":"","ast-disable-related-posts":"","theme-transparent-header-meta":"default","adv-header-id-meta":"","stick-header-meta":"","header-above-stick-meta":"","header-main-stick-meta":"","header-below-stick-meta":"","astra-migrate-meta-layouts":"set","ast-page-background-enabled":"default","ast-page-background-meta":{"desktop":{"background-color":"var(--ast-global-color-4)","background-image":"","background-repeat":"repeat","background-position":"center center","background-size":"auto","background-attachment":"scroll","background-type":"","background-media":"","overlay-type":"","overlay-color":"","overlay-opacity":"","overlay-gradient":""},"tablet":{"background-color":"","background-image":"","background-repeat":"repeat","background-position":"center center","background-size":"auto","background-attachment":"scroll","background-type":"","background-media":"","overlay-type":"","overlay-color":"","overlay-opacity":"","overlay-gradient":""},"mobile":{"background-color":"","background-image":"","background-repeat":"repeat","background-position":"center center","background-size":"auto","background-attachment":"scroll","background-type":"","background-media":"","overlay-type":"","overlay-color":"","overlay-opacity":"","overlay-gradient":""}},"ast-content-background-meta":{"desktop":{"background-color":"var(--ast-global-color-5)","background-image":"","background-repeat":"repeat","background-position":"center center","background-size":"auto","background-attachment":"scroll","background-type":"","background-media":"","overlay-type":"","overlay-color":"","overlay-opacity":"","overlay-gradient":""},"tablet":{"background-color":"var(--ast-global-color-5)","background-image":"","background-repeat":"repeat","background-position":"center center","background-size":"auto","background-attachment":"scroll","background-type":"","background-media":"","overlay-type":"","overlay-color":"","overlay-opacity":"","overlay-gradient":""},"mobile":{"background-color":"var(--ast-global-color-5)","background-image":"","background-repeat":"repeat","background-position":"center center","background-size":"auto","background-attachment":"scroll","background-type":"","background-media":"","overlay-type":"","overlay-color":"","overlay-opacity":"","overlay-gradient":""}}},"product_brand":[],"product_cat":[22],"product_tag":[],"class_list":{"0":"post-400","1":"product","2":"type-product","3":"status-publish","4":"has-post-thumbnail","6":"product_cat-lubricantes-y-geles","7":"desktop-align-left","8":"tablet-align-left","9":"mobile-align-left","11":"first","12":"instock","13":"shipping-taxable","14":"product-type-external"},"_links":{"self":[{"href":"https:\/\/yigolos.com\/index.php?rest_route=\/wp\/v2\/product\/400","targetHints":{"allow":["GET"]}}],"collection":[{"href":"https:\/\/yigolos.com\/index.php?rest_route=\/wp\/v2\/product"}],"about":[{"href":"https:\/\/yigolos.com\/index.php?rest_route=\/wp\/v2\/types\/product"}],"replies":[{"embeddable":true,"href":"https:\/\/yigolos.com\/index.php?rest_route=%2Fwp%2Fv2%2Fcomments&post=400"}],"wp:featuredmedia":[{"embeddable":true,"href":"https:\/\/yigolos.com\/index.php?rest_route=\/wp\/v2\/media\/401"}],"wp:attachment":[{"href":"https:\/\/yigolos.com\/index.php?rest_route=%2Fwp%2Fv2%2Fmedia&parent=400"}],"wp:term":[{"taxonomy":"product_brand","embeddable":true,"href":"https:\/\/yigolos.com\/index.php?rest_route=%2Fwp%2Fv2%2Fproduct_brand&post=400"},{"taxonomy":"product_cat","embeddable":true,"href":"https:\/\/yigolos.com\/index.php?rest_route=%2Fwp%2Fv2%2Fproduct_cat&post=400"},{"taxonomy":"product_tag","embeddable":true,"href":"https:\/\/yigolos.com\/index.php?rest_route=%2Fwp%2Fv2%2Fproduct_tag&post=400"}],"curies":[{"name":"wp","href":"https:\/\/api.w.org\/{rel}","templated":true}]}}