{"id":272,"date":"2024-04-24T14:11:48","date_gmt":"2024-04-24T14:11:48","guid":{"rendered":"https:\/\/yigolos.com\/?post_type=product&#038;p=272"},"modified":"2025-10-28T09:56:35","modified_gmt":"2025-10-28T14:56:35","slug":"condones-titanium-ultra-delgado-x-3","status":"publish","type":"product","link":"https:\/\/yigolos.com\/?product=condones-titanium-ultra-delgado-x-3","title":{"rendered":"Condones Titanium Ultra Delgado x 3"},"content":{"rendered":"<p>CONTENIDO<\/p>\n<p>Contiene 3 unidades<\/p>\n<p>CUIDADOS<\/p>\n<p>Este producto contiene l\u00e1tex de goma natural, el cual puede causar reacciones al\u00e9rgicas. Si presenta dificultad respiratoria o labios azules durante el uso de este producto, contacte de inmediato a su m\u00e9dico y no use el producto nuevamente. NO testeado en<\/p>\n<p>G\u00c9NERO<\/p>\n<p>Masculino<\/p>\n<p>MARCA<\/p>\n<p>Titanium<\/p>\n<p>MATERIAL<\/p>\n<p>Fabricado con l\u00e1tex premium para la m\u00e1xima seguridad y resistencia<\/p>\n<p>PRESENTACI\u00d3N<\/p>\n<p>\u2022 El cond\u00f3n de l\u00e1tex m\u00e1s delgado del mundo: 0, 03 mm \u2022 Dise\u00f1ado para sentir m\u00e1s placer realista \u2022 Electr\u00f3nicamente testeado \u2022 Posee dep\u00f3sito de fluidos en la punta \u2022 Lubricado son silicona premium \u2022 Textura: lisa y paralela<\/p>\n<p>REGISTRO SANITARIO INVIMA<\/p>\n<p>2021DM-0022827<\/p>\n","protected":false},"excerpt":{"rendered":"<p>Condones<\/p>\n","protected":false},"featured_media":274,"comment_status":"open","ping_status":"closed","template":"","meta":{"site-sidebar-layout":"default","site-content-layout":"","ast-site-content-layout":"default","site-content-style":"default","site-sidebar-style":"default","ast-global-header-display":"","ast-banner-title-visibility":"","ast-main-header-display":"","ast-hfb-above-header-display":"","ast-hfb-below-header-display":"","ast-hfb-mobile-header-display":"","site-post-title":"","ast-breadcrumbs-content":"","ast-featured-img":"","footer-sml-layout":"","ast-disable-related-posts":"","theme-transparent-header-meta":"default","adv-header-id-meta":"","stick-header-meta":"","header-above-stick-meta":"","header-main-stick-meta":"","header-below-stick-meta":"","astra-migrate-meta-layouts":"set","ast-page-background-enabled":"default","ast-page-background-meta":{"desktop":{"background-color":"var(--ast-global-color-4)","background-image":"","background-repeat":"repeat","background-position":"center center","background-size":"auto","background-attachment":"scroll","background-type":"","background-media":"","overlay-type":"","overlay-color":"","overlay-opacity":"","overlay-gradient":""},"tablet":{"background-color":"","background-image":"","background-repeat":"repeat","background-position":"center center","background-size":"auto","background-attachment":"scroll","background-type":"","background-media":"","overlay-type":"","overlay-color":"","overlay-opacity":"","overlay-gradient":""},"mobile":{"background-color":"","background-image":"","background-repeat":"repeat","background-position":"center center","background-size":"auto","background-attachment":"scroll","background-type":"","background-media":"","overlay-type":"","overlay-color":"","overlay-opacity":"","overlay-gradient":""}},"ast-content-background-meta":{"desktop":{"background-color":"var(--ast-global-color-5)","background-image":"","background-repeat":"repeat","background-position":"center center","background-size":"auto","background-attachment":"scroll","background-type":"","background-media":"","overlay-type":"","overlay-color":"","overlay-opacity":"","overlay-gradient":""},"tablet":{"background-color":"var(--ast-global-color-5)","background-image":"","background-repeat":"repeat","background-position":"center center","background-size":"auto","background-attachment":"scroll","background-type":"","background-media":"","overlay-type":"","overlay-color":"","overlay-opacity":"","overlay-gradient":""},"mobile":{"background-color":"var(--ast-global-color-5)","background-image":"","background-repeat":"repeat","background-position":"center center","background-size":"auto","background-attachment":"scroll","background-type":"","background-media":"","overlay-type":"","overlay-color":"","overlay-opacity":"","overlay-gradient":""}}},"product_brand":[],"product_cat":[21],"product_tag":[27,34],"class_list":{"0":"post-272","1":"product","2":"type-product","3":"status-publish","4":"has-post-thumbnail","6":"product_cat-otros","7":"product_tag-condones","8":"product_tag-hombre","9":"desktop-align-left","10":"tablet-align-left","11":"mobile-align-left","13":"first","14":"instock","15":"shipping-taxable","16":"product-type-external"},"_links":{"self":[{"href":"https:\/\/yigolos.com\/index.php?rest_route=\/wp\/v2\/product\/272","targetHints":{"allow":["GET"]}}],"collection":[{"href":"https:\/\/yigolos.com\/index.php?rest_route=\/wp\/v2\/product"}],"about":[{"href":"https:\/\/yigolos.com\/index.php?rest_route=\/wp\/v2\/types\/product"}],"replies":[{"embeddable":true,"href":"https:\/\/yigolos.com\/index.php?rest_route=%2Fwp%2Fv2%2Fcomments&post=272"}],"wp:featuredmedia":[{"embeddable":true,"href":"https:\/\/yigolos.com\/index.php?rest_route=\/wp\/v2\/media\/274"}],"wp:attachment":[{"href":"https:\/\/yigolos.com\/index.php?rest_route=%2Fwp%2Fv2%2Fmedia&parent=272"}],"wp:term":[{"taxonomy":"product_brand","embeddable":true,"href":"https:\/\/yigolos.com\/index.php?rest_route=%2Fwp%2Fv2%2Fproduct_brand&post=272"},{"taxonomy":"product_cat","embeddable":true,"href":"https:\/\/yigolos.com\/index.php?rest_route=%2Fwp%2Fv2%2Fproduct_cat&post=272"},{"taxonomy":"product_tag","embeddable":true,"href":"https:\/\/yigolos.com\/index.php?rest_route=%2Fwp%2Fv2%2Fproduct_tag&post=272"}],"curies":[{"name":"wp","href":"https:\/\/api.w.org\/{rel}","templated":true}]}}